{"id":997,"date":"2023-05-26T10:21:15","date_gmt":"2023-05-26T08:21:15","guid":{"rendered":"https:\/\/mentcos.com\/nosotros\/"},"modified":"2025-10-16T09:12:46","modified_gmt":"2025-10-16T07:12:46","slug":"annacolomer","status":"publish","type":"page","link":"https:\/\/mentcos.com\/es\/annacolomer\/","title":{"rendered":"Anna Colomer"},"content":{"rendered":"\t\t<div data-elementor-type=\"wp-page\" data-elementor-id=\"997\" class=\"elementor elementor-997 elementor-35\" data-elementor-post-type=\"page\">\n\t\t\t\t\t\t<section class=\"elementor-section elementor-top-section elementor-element elementor-element-1ab9ea37 elementor-section-full_width elementor-section-height-default elementor-section-height-default\" data-id=\"1ab9ea37\" data-element_type=\"section\" data-e-type=\"section\" data-settings=\"{&quot;background_background&quot;:&quot;classic&quot;}\">\n\t\t\t\t\t\t<div class=\"elementor-container elementor-column-gap-no\">\n\t\t\t\t\t<div class=\"elementor-column elementor-col-100 elementor-top-column elementor-element elementor-element-6f04cc45\" data-id=\"6f04cc45\" data-element_type=\"column\" data-e-type=\"column\">\n\t\t\t<div class=\"elementor-widget-wrap elementor-element-populated\">\n\t\t\t\t\t\t<div class=\"elementor-element elementor-element-18254e8c elementor--h-position-center elementor--v-position-middle elementor-arrows-position-inside elementor-pagination-position-inside elementor-invisible elementor-widget elementor-widget-slides\" data-id=\"18254e8c\" data-element_type=\"widget\" data-e-type=\"widget\" data-settings=\"{&quot;transition&quot;:&quot;fade&quot;,&quot;_animation&quot;:&quot;fadeIn&quot;,&quot;_animation_delay&quot;:600,&quot;navigation&quot;:&quot;both&quot;,&quot;autoplay&quot;:&quot;yes&quot;,&quot;pause_on_hover&quot;:&quot;yes&quot;,&quot;pause_on_interaction&quot;:&quot;yes&quot;,&quot;autoplay_speed&quot;:5000,&quot;infinite&quot;:&quot;yes&quot;,&quot;transition_speed&quot;:500}\" data-widget_type=\"slides.default\">\n\t\t\t\t<div class=\"elementor-widget-container\">\n\t\t\t\t\t\t\t\t\t<div class=\"elementor-swiper\">\n\t\t\t\t\t<div class=\"elementor-slides-wrapper elementor-main-swiper swiper\" role=\"region\" aria-roledescription=\"carousel\" aria-label=\"Diapositives\" dir=\"ltr\" data-animation=\"\">\n\t\t\t\t<div class=\"swiper-wrapper elementor-slides\">\n\t\t\t\t\t\t\t\t\t\t<div class=\"elementor-repeater-item-007fb12 swiper-slide\" role=\"group\" aria-roledescription=\"slide\"><div class=\"swiper-slide-bg\" role=\"img\" aria-label=\"anna colomer\"><\/div><div class=\"swiper-slide-inner\" ><div class=\"swiper-slide-contents\"><\/div><\/div><\/div>\t\t\t\t<\/div>\n\t\t\t\t\t\t\t<\/div>\n\t\t\t\t<\/div>\n\t\t\t\t\t\t\t\t<\/div>\n\t\t\t\t<\/div>\n\t\t\t\t\t<\/div>\n\t\t<\/div>\n\t\t\t\t\t<\/div>\n\t\t<\/section>\n\t\t\t\t<section class=\"elementor-section elementor-top-section elementor-element elementor-element-7b170da9 elementor-section-full_width elementor-section-height-default elementor-section-height-default\" data-id=\"7b170da9\" data-element_type=\"section\" data-e-type=\"section\">\n\t\t\t\t\t\t<div class=\"elementor-container elementor-column-gap-default\">\n\t\t\t\t\t<div class=\"elementor-column elementor-col-100 elementor-top-column elementor-element elementor-element-48fe237b\" data-id=\"48fe237b\" data-element_type=\"column\" data-e-type=\"column\">\n\t\t\t<div class=\"elementor-widget-wrap elementor-element-populated\">\n\t\t\t\t\t\t<div class=\"elementor-element elementor-element-13f10ba9 elementor-widget elementor-widget-spacer\" data-id=\"13f10ba9\" data-element_type=\"widget\" data-e-type=\"widget\" data-widget_type=\"spacer.default\">\n\t\t\t\t<div class=\"elementor-widget-container\">\n\t\t\t\t\t\t\t<div class=\"elementor-spacer\">\n\t\t\t<div class=\"elementor-spacer-inner\"><\/div>\n\t\t<\/div>\n\t\t\t\t\t\t<\/div>\n\t\t\t\t<\/div>\n\t\t\t\t\t<\/div>\n\t\t<\/div>\n\t\t\t\t\t<\/div>\n\t\t<\/section>\n\t\t\t\t<section class=\"elementor-section elementor-top-section elementor-element elementor-element-14fa008e elementor-section-full_width elementor-section-height-default elementor-section-height-default\" data-id=\"14fa008e\" data-element_type=\"section\" data-e-type=\"section\">\n\t\t\t\t\t\t<div class=\"elementor-container elementor-column-gap-default\">\n\t\t\t\t\t<div class=\"elementor-column elementor-col-33 elementor-top-column elementor-element elementor-element-2f487e1a\" data-id=\"2f487e1a\" data-element_type=\"column\" data-e-type=\"column\">\n\t\t\t<div class=\"elementor-widget-wrap\">\n\t\t\t\t\t\t\t<\/div>\n\t\t<\/div>\n\t\t\t\t<div class=\"elementor-column elementor-col-33 elementor-top-column elementor-element elementor-element-2d581e6e\" data-id=\"2d581e6e\" data-element_type=\"column\" data-e-type=\"column\">\n\t\t\t<div class=\"elementor-widget-wrap elementor-element-populated\">\n\t\t\t\t\t\t<div class=\"elementor-element elementor-element-938b045 elementor-invisible elementor-widget elementor-widget-text-editor\" data-id=\"938b045\" data-element_type=\"widget\" data-e-type=\"widget\" data-settings=\"{&quot;_animation&quot;:&quot;fadeInUp&quot;,&quot;_animation_delay&quot;:500}\" data-widget_type=\"text-editor.default\">\n\t\t\t\t<div class=\"elementor-widget-container\">\n\t\t\t\t\t\t\t\t\t<p>SOBRE M\u00cd<\/p>\t\t\t\t\t\t\t\t<\/div>\n\t\t\t\t<\/div>\n\t\t\t\t<div class=\"elementor-element elementor-element-47a32f1d elementor-widget elementor-widget-heading\" data-id=\"47a32f1d\" data-element_type=\"widget\" data-e-type=\"widget\" data-settings=\"{&quot;motion_fx_motion_fx_scrolling&quot;:&quot;yes&quot;,&quot;motion_fx_opacity_effect&quot;:&quot;yes&quot;,&quot;motion_fx_opacity_range&quot;:{&quot;unit&quot;:&quot;%&quot;,&quot;size&quot;:&quot;&quot;,&quot;sizes&quot;:{&quot;start&quot;:25,&quot;end&quot;:45}},&quot;motion_fx_scale_effect&quot;:&quot;yes&quot;,&quot;motion_fx_scale_speed&quot;:{&quot;unit&quot;:&quot;px&quot;,&quot;size&quot;:0.5,&quot;sizes&quot;:[]},&quot;motion_fx_scale_range&quot;:{&quot;unit&quot;:&quot;%&quot;,&quot;size&quot;:&quot;&quot;,&quot;sizes&quot;:{&quot;start&quot;:20,&quot;end&quot;:100}},&quot;motion_fx_devices&quot;:[&quot;desktop&quot;,&quot;tablet&quot;],&quot;motion_fx_opacity_direction&quot;:&quot;out-in&quot;,&quot;motion_fx_opacity_level&quot;:{&quot;unit&quot;:&quot;px&quot;,&quot;size&quot;:10,&quot;sizes&quot;:[]},&quot;motion_fx_scale_direction&quot;:&quot;out-in&quot;}\" data-widget_type=\"heading.default\">\n\t\t\t\t<div class=\"elementor-widget-container\">\n\t\t\t\t\t<h1 class=\"elementor-heading-title elementor-size-default\">MENTCOS<\/h1>\t\t\t\t<\/div>\n\t\t\t\t<\/div>\n\t\t\t\t<div class=\"elementor-element elementor-element-f3f1dbb elementor-widget elementor-widget-spacer\" data-id=\"f3f1dbb\" data-element_type=\"widget\" data-e-type=\"widget\" data-widget_type=\"spacer.default\">\n\t\t\t\t<div class=\"elementor-widget-container\">\n\t\t\t\t\t\t\t<div class=\"elementor-spacer\">\n\t\t\t<div class=\"elementor-spacer-inner\"><\/div>\n\t\t<\/div>\n\t\t\t\t\t\t<\/div>\n\t\t\t\t<\/div>\n\t\t\t\t\t<\/div>\n\t\t<\/div>\n\t\t\t\t<div class=\"elementor-column elementor-col-33 elementor-top-column elementor-element elementor-element-3fe7258a\" data-id=\"3fe7258a\" data-element_type=\"column\" data-e-type=\"column\">\n\t\t\t<div class=\"elementor-widget-wrap\">\n\t\t\t\t\t\t\t<\/div>\n\t\t<\/div>\n\t\t\t\t\t<\/div>\n\t\t<\/section>\n\t\t\t\t<section class=\"elementor-section elementor-top-section elementor-element elementor-element-102120d8 elementor-section-boxed elementor-section-height-default elementor-section-height-default\" data-id=\"102120d8\" data-element_type=\"section\" data-e-type=\"section\">\n\t\t\t\t\t\t<div class=\"elementor-container elementor-column-gap-no\">\n\t\t\t\t\t<div class=\"elementor-column elementor-col-50 elementor-top-column elementor-element elementor-element-29487bdd\" data-id=\"29487bdd\" data-element_type=\"column\" data-e-type=\"column\">\n\t\t\t<div class=\"elementor-widget-wrap elementor-element-populated\">\n\t\t\t\t\t\t<div class=\"elementor-element elementor-element-2019e1c6 elementor-invisible elementor-widget elementor-widget-text-editor\" data-id=\"2019e1c6\" data-element_type=\"widget\" data-e-type=\"widget\" data-settings=\"{&quot;_animation&quot;:&quot;fadeInUp&quot;,&quot;_animation_delay&quot;:500}\" data-widget_type=\"text-editor.default\">\n\t\t\t\t<div class=\"elementor-widget-container\">\n\t\t\t\t\t\t\t\t\t<h2>ANNA COLOMER<\/h2>\t\t\t\t\t\t\t\t<\/div>\n\t\t\t\t<\/div>\n\t\t\t\t<div class=\"elementor-element elementor-element-2aceb7ee elementor-invisible elementor-widget elementor-widget-text-editor\" data-id=\"2aceb7ee\" data-element_type=\"widget\" data-e-type=\"widget\" data-settings=\"{&quot;_animation&quot;:&quot;fadeIn&quot;,&quot;_animation_delay&quot;:500}\" data-widget_type=\"text-editor.default\">\n\t\t\t\t<div class=\"elementor-widget-container\">\n\t\t\t\t\t\t\t\t\t<p data-pm-slice=\"1 1 []\"><strong>Desde 2012 acompa\u00f1o a personas y equipos en procesos de cambio, crecimiento y bienestar. En 2017 fund\u00e9 Mentcos, un espacio dedicado al desarrollo personal y profesional con una mirada integradora que conecta mente, emociones y cuerpo.<\/strong><\/p><p>Con una trayectoria de m\u00e1s de una d\u00e9cada, me he formado en coaching, PNL, psicolog\u00eda integrativa, inteligencia emocional y comunicaci\u00f3n, entre otras disciplinas. Esta base me permite ofrecer un acompa\u00f1amiento emp\u00e1tico, riguroso y adaptado a cada persona u organizaci\u00f3n.<\/p><p>Compagino la consulta individual y grupal con la formaci\u00f3n en entornos empresariales, educativos y sociales. Tambi\u00e9n colaboro regularmente en espacios de divulgaci\u00f3n y medios para compartir herramientas y reflexiones sobre crecimiento personal y relacional.<\/p><p>He creado programas propios como Kintsugi y Ukiyo, enfocados en las relaciones y liderazgo consciente, con gran acogida e impacto.<\/p><p><strong>Mentcos es hoy un proyecto vivo y en constante evoluci\u00f3n, desde donde pongo al servicio de las personas todo lo que he aprendido y sigo aprendiendo.<\/strong><\/p>\t\t\t\t\t\t\t\t<\/div>\n\t\t\t\t<\/div>\n\t\t\t\t<div class=\"elementor-element elementor-element-02437fb elementor-invisible elementor-widget elementor-widget-text-editor\" data-id=\"02437fb\" data-element_type=\"widget\" data-e-type=\"widget\" data-settings=\"{&quot;_animation&quot;:&quot;fadeInUp&quot;,&quot;_animation_delay&quot;:500}\" data-widget_type=\"text-editor.default\">\n\t\t\t\t<div class=\"elementor-widget-container\">\n\t\t\t\t\t\t\t\t\t<h3>ES EL MOMENTO DE CRECER,<br> ES TU MOMENTO<\/h3>\t\t\t\t\t\t\t\t<\/div>\n\t\t\t\t<\/div>\n\t\t\t\t<section class=\"elementor-section elementor-inner-section elementor-element elementor-element-84b2ee4 elementor-section-boxed elementor-section-height-default elementor-section-height-default\" data-id=\"84b2ee4\" data-element_type=\"section\" data-e-type=\"section\">\n\t\t\t\t\t\t<div class=\"elementor-container elementor-column-gap-default\">\n\t\t\t\t\t<div class=\"elementor-column elementor-col-33 elementor-inner-column elementor-element elementor-element-817e039\" data-id=\"817e039\" data-element_type=\"column\" data-e-type=\"column\">\n\t\t\t<div class=\"elementor-widget-wrap\">\n\t\t\t\t\t\t\t<\/div>\n\t\t<\/div>\n\t\t\t\t<div class=\"elementor-column elementor-col-33 elementor-inner-column elementor-element elementor-element-5294227\" data-id=\"5294227\" data-element_type=\"column\" data-e-type=\"column\">\n\t\t\t<div class=\"elementor-widget-wrap elementor-element-populated\">\n\t\t\t\t\t\t<div class=\"elementor-element elementor-element-808c6b8 elementor-invisible elementor-widget elementor-widget-image\" data-id=\"808c6b8\" data-element_type=\"widget\" data-e-type=\"widget\" data-settings=\"{&quot;_animation&quot;:&quot;fadeIn&quot;,&quot;_animation_delay&quot;:500}\" data-widget_type=\"image.default\">\n\t\t\t\t<div class=\"elementor-widget-container\">\n\t\t\t\t\t\t\t\t\t\t\t\t\t\t\t<img fetchpriority=\"high\" decoding=\"async\" width=\"1192\" height=\"300\" src=\"https:\/\/mentcos.com\/wp-content\/uploads\/2023\/05\/logotip-mentcos-1.png\" class=\"attachment-full size-full wp-image-928\" alt=\"\" srcset=\"https:\/\/mentcos.com\/wp-content\/uploads\/2023\/05\/logotip-mentcos-1.png 1192w, https:\/\/mentcos.com\/wp-content\/uploads\/2023\/05\/logotip-mentcos-1-300x76.png 300w, https:\/\/mentcos.com\/wp-content\/uploads\/2023\/05\/logotip-mentcos-1-1024x258.png 1024w, https:\/\/mentcos.com\/wp-content\/uploads\/2023\/05\/logotip-mentcos-1-768x193.png 768w\" sizes=\"(max-width: 1192px) 100vw, 1192px\" \/>\t\t\t\t\t\t\t\t\t\t\t\t\t\t\t<\/div>\n\t\t\t\t<\/div>\n\t\t\t\t\t<\/div>\n\t\t<\/div>\n\t\t\t\t<div class=\"elementor-column elementor-col-33 elementor-inner-column elementor-element elementor-element-8dc0347\" data-id=\"8dc0347\" data-element_type=\"column\" data-e-type=\"column\">\n\t\t\t<div class=\"elementor-widget-wrap\">\n\t\t\t\t\t\t\t<\/div>\n\t\t<\/div>\n\t\t\t\t\t<\/div>\n\t\t<\/section>\n\t\t\t\t\t<\/div>\n\t\t<\/div>\n\t\t\t\t<div class=\"elementor-column elementor-col-50 elementor-top-column elementor-element elementor-element-4443319f\" data-id=\"4443319f\" data-element_type=\"column\" data-e-type=\"column\">\n\t\t\t<div class=\"elementor-widget-wrap elementor-element-populated\">\n\t\t\t\t\t\t<div class=\"elementor-element elementor-element-3c89e70 elementor-widget__width-initial elementor-widget elementor-widget-spacer\" data-id=\"3c89e70\" data-element_type=\"widget\" data-e-type=\"widget\" data-widget_type=\"spacer.default\">\n\t\t\t\t<div class=\"elementor-widget-container\">\n\t\t\t\t\t\t\t<div class=\"elementor-spacer\">\n\t\t\t<div class=\"elementor-spacer-inner\"><\/div>\n\t\t<\/div>\n\t\t\t\t\t\t<\/div>\n\t\t\t\t<\/div>\n\t\t\t\t\t<\/div>\n\t\t<\/div>\n\t\t\t\t\t<\/div>\n\t\t<\/section>\n\t\t\t\t<section class=\"elementor-section elementor-top-section elementor-element elementor-element-46b0a1bc elementor-section-boxed elementor-section-height-default elementor-section-height-default\" data-id=\"46b0a1bc\" data-element_type=\"section\" data-e-type=\"section\">\n\t\t\t\t\t\t<div class=\"elementor-container elementor-column-gap-default\">\n\t\t\t\t\t<div class=\"elementor-column elementor-col-100 elementor-top-column elementor-element elementor-element-137eda78\" data-id=\"137eda78\" data-element_type=\"column\" data-e-type=\"column\">\n\t\t\t<div class=\"elementor-widget-wrap elementor-element-populated\">\n\t\t\t\t\t\t<div class=\"elementor-element elementor-element-fc6d5de elementor-widget elementor-widget-spacer\" data-id=\"fc6d5de\" data-element_type=\"widget\" data-e-type=\"widget\" data-widget_type=\"spacer.default\">\n\t\t\t\t<div class=\"elementor-widget-container\">\n\t\t\t\t\t\t\t<div class=\"elementor-spacer\">\n\t\t\t<div class=\"elementor-spacer-inner\"><\/div>\n\t\t<\/div>\n\t\t\t\t\t\t<\/div>\n\t\t\t\t<\/div>\n\t\t\t\t\t<\/div>\n\t\t<\/div>\n\t\t\t\t\t<\/div>\n\t\t<\/section>\n\t\t\t\t<\/div>\n\t\t","protected":false},"excerpt":{"rendered":"<p>SOBRE M\u00cd MENTCOS ANNA COLOMER Desde 2012 acompa\u00f1o a personas y equipos en procesos de cambio, crecimiento y bienestar. En 2017 fund\u00e9 Mentcos, un espacio dedicado al desarrollo personal y profesional con una mirada integradora que conecta mente, emociones y cuerpo. Con una trayectoria de m\u00e1s de una d\u00e9cada, me he formado en coaching, PNL, [&hellip;]<\/p>\n","protected":false},"author":1,"featured_media":929,"parent":0,"menu_order":0,"comment_status":"closed","ping_status":"closed","template":"elementor_header_footer","meta":{"footnotes":""},"class_list":["post-997","page","type-page","status-publish","has-post-thumbnail","hentry"],"yoast_head":"<!-- This site is optimized with the Yoast SEO plugin v27.1.1 - https:\/\/yoast.com\/product\/yoast-seo-wordpress\/ -->\n<title>Anna Colomer - Mentcos<\/title>\n<meta name=\"description\" content=\"Descubre Anna Colomer, fundadora de Mentcos y experta en crecimiento personal y profesional, bienestar y desarrollo integral.\" \/>\n<meta name=\"robots\" content=\"index, follow, max-snippet:-1, max-image-preview:large, max-video-preview:-1\" \/>\n<link rel=\"canonical\" href=\"https:\/\/mentcos.com\/es\/annacolomer\/\" \/>\n<meta property=\"og:locale\" content=\"es_ES\" \/>\n<meta property=\"og:type\" content=\"article\" \/>\n<meta property=\"og:title\" content=\"Anna Colomer - Mentcos\" \/>\n<meta property=\"og:description\" content=\"Descubre Anna Colomer, fundadora de Mentcos y experta en crecimiento personal y profesional, bienestar y desarrollo integral.\" \/>\n<meta property=\"og:url\" content=\"https:\/\/mentcos.com\/es\/annacolomer\/\" \/>\n<meta property=\"og:site_name\" content=\"Mentcos\" \/>\n<meta property=\"article:publisher\" content=\"https:\/\/es-la.facebook.com\/mentcos\/\" \/>\n<meta property=\"article:modified_time\" content=\"2025-10-16T07:12:46+00:00\" \/>\n<meta property=\"og:image\" content=\"https:\/\/mentcos.com\/wp-content\/uploads\/2023\/05\/mentcos-nosaltres-scaled.jpg\" \/>\n\t<meta property=\"og:image:width\" content=\"2560\" \/>\n\t<meta property=\"og:image:height\" content=\"813\" \/>\n\t<meta property=\"og:image:type\" content=\"image\/jpeg\" \/>\n<meta name=\"twitter:card\" content=\"summary_large_image\" \/>\n<meta name=\"twitter:label1\" content=\"Tiempo de lectura\" \/>\n\t<meta name=\"twitter:data1\" content=\"1 minuto\" \/>\n<script type=\"application\/ld+json\" class=\"yoast-schema-graph\">{\"@context\":\"https:\/\/schema.org\",\"@graph\":[{\"@type\":\"WebPage\",\"@id\":\"https:\/\/mentcos.com\/es\/annacolomer\/\",\"url\":\"https:\/\/mentcos.com\/es\/annacolomer\/\",\"name\":\"Anna Colomer - Mentcos\",\"isPartOf\":{\"@id\":\"https:\/\/mentcos.com\/es\/#website\"},\"primaryImageOfPage\":{\"@id\":\"https:\/\/mentcos.com\/es\/annacolomer\/#primaryimage\"},\"image\":{\"@id\":\"https:\/\/mentcos.com\/es\/annacolomer\/#primaryimage\"},\"thumbnailUrl\":\"https:\/\/mentcos.com\/wp-content\/uploads\/2023\/05\/mentcos-nosaltres-scaled.jpg\",\"datePublished\":\"2023-05-26T08:21:15+00:00\",\"dateModified\":\"2025-10-16T07:12:46+00:00\",\"description\":\"Descubre Anna Colomer, fundadora de Mentcos y experta en crecimiento personal y profesional, bienestar y desarrollo integral.\",\"breadcrumb\":{\"@id\":\"https:\/\/mentcos.com\/es\/annacolomer\/#breadcrumb\"},\"inLanguage\":\"es\",\"potentialAction\":[{\"@type\":\"ReadAction\",\"target\":[\"https:\/\/mentcos.com\/es\/annacolomer\/\"]}]},{\"@type\":\"ImageObject\",\"inLanguage\":\"es\",\"@id\":\"https:\/\/mentcos.com\/es\/annacolomer\/#primaryimage\",\"url\":\"https:\/\/mentcos.com\/wp-content\/uploads\/2023\/05\/mentcos-nosaltres-scaled.jpg\",\"contentUrl\":\"https:\/\/mentcos.com\/wp-content\/uploads\/2023\/05\/mentcos-nosaltres-scaled.jpg\",\"width\":2560,\"height\":813},{\"@type\":\"BreadcrumbList\",\"@id\":\"https:\/\/mentcos.com\/es\/annacolomer\/#breadcrumb\",\"itemListElement\":[{\"@type\":\"ListItem\",\"position\":1,\"name\":\"Inici\",\"item\":\"https:\/\/mentcos.com\/es\/\"},{\"@type\":\"ListItem\",\"position\":2,\"name\":\"Anna Colomer\"}]},{\"@type\":\"WebSite\",\"@id\":\"https:\/\/mentcos.com\/es\/#website\",\"url\":\"https:\/\/mentcos.com\/es\/\",\"name\":\"Mentcos\",\"description\":\"Entrenament cognitiu\",\"publisher\":{\"@id\":\"https:\/\/mentcos.com\/es\/#organization\"},\"potentialAction\":[{\"@type\":\"SearchAction\",\"target\":{\"@type\":\"EntryPoint\",\"urlTemplate\":\"https:\/\/mentcos.com\/es\/?s={search_term_string}\"},\"query-input\":{\"@type\":\"PropertyValueSpecification\",\"valueRequired\":true,\"valueName\":\"search_term_string\"}}],\"inLanguage\":\"es\"},{\"@type\":\"Organization\",\"@id\":\"https:\/\/mentcos.com\/es\/#organization\",\"name\":\"Mentcos\",\"url\":\"https:\/\/mentcos.com\/es\/\",\"logo\":{\"@type\":\"ImageObject\",\"inLanguage\":\"es\",\"@id\":\"https:\/\/mentcos.com\/es\/#\/schema\/logo\/image\/\",\"url\":\"https:\/\/mentcos.com\/wp-content\/uploads\/2023\/05\/mentcos-logo-black.png\",\"contentUrl\":\"https:\/\/mentcos.com\/wp-content\/uploads\/2023\/05\/mentcos-logo-black.png\",\"width\":721,\"height\":182,\"caption\":\"Mentcos\"},\"image\":{\"@id\":\"https:\/\/mentcos.com\/es\/#\/schema\/logo\/image\/\"},\"sameAs\":[\"https:\/\/es-la.facebook.com\/mentcos\/\",\"https:\/\/www.instagram.com\/mentcos\/?hl=es\"]}]}<\/script>\n<!-- \/ Yoast SEO plugin. -->","yoast_head_json":{"title":"Anna Colomer - Mentcos","description":"Descubre Anna Colomer, fundadora de Mentcos y experta en crecimiento personal y profesional, bienestar y desarrollo integral.","robots":{"index":"index","follow":"follow","max-snippet":"max-snippet:-1","max-image-preview":"max-image-preview:large","max-video-preview":"max-video-preview:-1"},"canonical":"https:\/\/mentcos.com\/es\/annacolomer\/","og_locale":"es_ES","og_type":"article","og_title":"Anna Colomer - Mentcos","og_description":"Descubre Anna Colomer, fundadora de Mentcos y experta en crecimiento personal y profesional, bienestar y desarrollo integral.","og_url":"https:\/\/mentcos.com\/es\/annacolomer\/","og_site_name":"Mentcos","article_publisher":"https:\/\/es-la.facebook.com\/mentcos\/","article_modified_time":"2025-10-16T07:12:46+00:00","og_image":[{"width":2560,"height":813,"url":"https:\/\/mentcos.com\/wp-content\/uploads\/2023\/05\/mentcos-nosaltres-scaled.jpg","type":"image\/jpeg"}],"twitter_card":"summary_large_image","twitter_misc":{"Tiempo de lectura":"1 minuto"},"schema":{"@context":"https:\/\/schema.org","@graph":[{"@type":"WebPage","@id":"https:\/\/mentcos.com\/es\/annacolomer\/","url":"https:\/\/mentcos.com\/es\/annacolomer\/","name":"Anna Colomer - Mentcos","isPartOf":{"@id":"https:\/\/mentcos.com\/es\/#website"},"primaryImageOfPage":{"@id":"https:\/\/mentcos.com\/es\/annacolomer\/#primaryimage"},"image":{"@id":"https:\/\/mentcos.com\/es\/annacolomer\/#primaryimage"},"thumbnailUrl":"https:\/\/mentcos.com\/wp-content\/uploads\/2023\/05\/mentcos-nosaltres-scaled.jpg","datePublished":"2023-05-26T08:21:15+00:00","dateModified":"2025-10-16T07:12:46+00:00","description":"Descubre Anna Colomer, fundadora de Mentcos y experta en crecimiento personal y profesional, bienestar y desarrollo integral.","breadcrumb":{"@id":"https:\/\/mentcos.com\/es\/annacolomer\/#breadcrumb"},"inLanguage":"es","potentialAction":[{"@type":"ReadAction","target":["https:\/\/mentcos.com\/es\/annacolomer\/"]}]},{"@type":"ImageObject","inLanguage":"es","@id":"https:\/\/mentcos.com\/es\/annacolomer\/#primaryimage","url":"https:\/\/mentcos.com\/wp-content\/uploads\/2023\/05\/mentcos-nosaltres-scaled.jpg","contentUrl":"https:\/\/mentcos.com\/wp-content\/uploads\/2023\/05\/mentcos-nosaltres-scaled.jpg","width":2560,"height":813},{"@type":"BreadcrumbList","@id":"https:\/\/mentcos.com\/es\/annacolomer\/#breadcrumb","itemListElement":[{"@type":"ListItem","position":1,"name":"Inici","item":"https:\/\/mentcos.com\/es\/"},{"@type":"ListItem","position":2,"name":"Anna Colomer"}]},{"@type":"WebSite","@id":"https:\/\/mentcos.com\/es\/#website","url":"https:\/\/mentcos.com\/es\/","name":"Mentcos","description":"Entrenament cognitiu","publisher":{"@id":"https:\/\/mentcos.com\/es\/#organization"},"potentialAction":[{"@type":"SearchAction","target":{"@type":"EntryPoint","urlTemplate":"https:\/\/mentcos.com\/es\/?s={search_term_string}"},"query-input":{"@type":"PropertyValueSpecification","valueRequired":true,"valueName":"search_term_string"}}],"inLanguage":"es"},{"@type":"Organization","@id":"https:\/\/mentcos.com\/es\/#organization","name":"Mentcos","url":"https:\/\/mentcos.com\/es\/","logo":{"@type":"ImageObject","inLanguage":"es","@id":"https:\/\/mentcos.com\/es\/#\/schema\/logo\/image\/","url":"https:\/\/mentcos.com\/wp-content\/uploads\/2023\/05\/mentcos-logo-black.png","contentUrl":"https:\/\/mentcos.com\/wp-content\/uploads\/2023\/05\/mentcos-logo-black.png","width":721,"height":182,"caption":"Mentcos"},"image":{"@id":"https:\/\/mentcos.com\/es\/#\/schema\/logo\/image\/"},"sameAs":["https:\/\/es-la.facebook.com\/mentcos\/","https:\/\/www.instagram.com\/mentcos\/?hl=es"]}]}},"_links":{"self":[{"href":"https:\/\/mentcos.com\/es\/wp-json\/wp\/v2\/pages\/997","targetHints":{"allow":["GET"]}}],"collection":[{"href":"https:\/\/mentcos.com\/es\/wp-json\/wp\/v2\/pages"}],"about":[{"href":"https:\/\/mentcos.com\/es\/wp-json\/wp\/v2\/types\/page"}],"author":[{"embeddable":true,"href":"https:\/\/mentcos.com\/es\/wp-json\/wp\/v2\/users\/1"}],"replies":[{"embeddable":true,"href":"https:\/\/mentcos.com\/es\/wp-json\/wp\/v2\/comments?post=997"}],"version-history":[{"count":11,"href":"https:\/\/mentcos.com\/es\/wp-json\/wp\/v2\/pages\/997\/revisions"}],"predecessor-version":[{"id":1391,"href":"https:\/\/mentcos.com\/es\/wp-json\/wp\/v2\/pages\/997\/revisions\/1391"}],"wp:featuredmedia":[{"embeddable":true,"href":"https:\/\/mentcos.com\/es\/wp-json\/wp\/v2\/media\/929"}],"wp:attachment":[{"href":"https:\/\/mentcos.com\/es\/wp-json\/wp\/v2\/media?parent=997"}],"curies":[{"name":"wp","href":"https:\/\/api.w.org\/{rel}","templated":true}]}}