{"id":1265,"date":"2023-05-25T16:43:11","date_gmt":"2023-05-25T14:43:11","guid":{"rendered":"https:\/\/mentcos.com\/politica-de-privacidad\/"},"modified":"2025-08-19T08:16:44","modified_gmt":"2025-08-19T06:16:44","slug":"politica-de-privacidad","status":"publish","type":"page","link":"https:\/\/mentcos.com\/es\/politica-de-privacidad\/","title":{"rendered":"Pol\u00edtica de Privacidad"},"content":{"rendered":"\t\t<div data-elementor-type=\"wp-page\" data-elementor-id=\"1265\" class=\"elementor elementor-1265 elementor-3\" data-elementor-post-type=\"page\">\n\t\t\t\t\t\t<section class=\"elementor-section elementor-top-section elementor-element elementor-element-1024cda elementor-section-boxed elementor-section-height-default elementor-section-height-default\" data-id=\"1024cda\" data-element_type=\"section\" data-e-type=\"section\">\n\t\t\t\t\t\t<div class=\"elementor-container elementor-column-gap-default\">\n\t\t\t\t\t<div class=\"elementor-column elementor-col-100 elementor-top-column elementor-element elementor-element-bcf0872\" data-id=\"bcf0872\" data-element_type=\"column\" data-e-type=\"column\">\n\t\t\t<div class=\"elementor-widget-wrap elementor-element-populated\">\n\t\t\t\t\t\t<div class=\"elementor-element elementor-element-a5b4999 elementor-widget elementor-widget-spacer\" data-id=\"a5b4999\" data-element_type=\"widget\" data-e-type=\"widget\" data-widget_type=\"spacer.default\">\n\t\t\t\t<div class=\"elementor-widget-container\">\n\t\t\t\t\t\t\t<div class=\"elementor-spacer\">\n\t\t\t<div class=\"elementor-spacer-inner\"><\/div>\n\t\t<\/div>\n\t\t\t\t\t\t<\/div>\n\t\t\t\t<\/div>\n\t\t\t\t<div class=\"elementor-element elementor-element-18649c2 elementor-widget elementor-widget-heading\" data-id=\"18649c2\" data-element_type=\"widget\" data-e-type=\"widget\" data-widget_type=\"heading.default\">\n\t\t\t\t<div class=\"elementor-widget-container\">\n\t\t\t\t\t<h2 class=\"elementor-heading-title elementor-size-default\">Pol\u00edtica de privacidad<\/h2>\t\t\t\t<\/div>\n\t\t\t\t<\/div>\n\t\t\t\t<div class=\"elementor-element elementor-element-6e53212 elementor-widget elementor-widget-spacer\" data-id=\"6e53212\" data-element_type=\"widget\" data-e-type=\"widget\" data-widget_type=\"spacer.default\">\n\t\t\t\t<div class=\"elementor-widget-container\">\n\t\t\t\t\t\t\t<div class=\"elementor-spacer\">\n\t\t\t<div class=\"elementor-spacer-inner\"><\/div>\n\t\t<\/div>\n\t\t\t\t\t\t<\/div>\n\t\t\t\t<\/div>\n\t\t\t\t<div class=\"elementor-element elementor-element-43e1d4a3 elementor-widget elementor-widget-text-editor\" data-id=\"43e1d4a3\" data-element_type=\"widget\" data-e-type=\"widget\" data-widget_type=\"text-editor.default\">\n\t\t\t\t<div class=\"elementor-widget-container\">\n\t\t\t\t\t\t\t\t\t\n<p class=\"p1\">PROTECCI\u00d3N DE DATOS<\/p>\n<p class=\"p1\">De conformidad con lo establecido en la Ley Org\u00e1nica 15\/1999 de Protecci\u00f3n de Datos de Car\u00e1cter Personal, Mentcos informa a los usuarios de su website que los datos personales recogidos por la empresa mediante los formularios facilitados en sus p\u00e1ginas, ser\u00e1n introducidos en un fichero automatizado bajo la responsabilidad de Mentcos, con el fin de poder facilitar, agilizar y cumplir. Asimismo, Mentcos informa de la posibilidad de ejercer los derechos de acceso, cancelaci\u00f3n, rectificaci\u00f3n y oposici\u00f3n mediante escrito a la direcci\u00f3n: CALLE REC, NUM 7 , SETCASES (Girona). Mientras no nos comunique lo contrario, entenderemos que sus datos no han sido modificados, que usted se compromete a notificarnos cualquier variaci\u00f3n y que tenemos el consentimiento para utilizarlos para poder fidelizar la relaci\u00f3n entre las partes.  <\/p>\n<p class=\"p1\">PROPIEDAD INTELECTUAL<\/p>\n<p class=\"p1\">Los derechos de propiedad intelectual e industrial derivados de todos los textos, im\u00e1genes, as\u00ed como de los medios y formas de presentaci\u00f3n y montaje de sus p\u00e1ginas pertenecen, por s\u00ed o como cesionaria, a Mentcos ser\u00e1n, por tanto, obras protegidas como propiedad intelectual por el ordenamiento jur\u00eddico espa\u00f1ol, ser\u00e1 de aplicaci\u00f3n tanto la normativa espa\u00f1ola y comunitaria en este campo, como los tratados internacionales relativos.<\/p>\n<p class=\"p1\">Todos los derechos reservados. En cumplimiento de la Ley de la Propiedad Intelectual se proh\u00edbe expresamente la reproducci\u00f3n, distribuci\u00f3n, comunicaci\u00f3n p\u00fablica y utilizaci\u00f3n, de la totalidad o parte de los contenidos de sus p\u00e1ginas web sin el consentimiento expreso de Mentcos. <\/p>\n<p class=\"p1\">ACCIONES LEGALES, LEGISLACI\u00d3N APLICABLE Y JURISDICCI\u00d3N<\/p>\n<p class=\"p1\">Mentcos se reserva asimismo la facultad de presentar las acciones civiles o penales que considere oportunas por la utilizaci\u00f3n indebida de sus p\u00e1ginas web y contenidos o por el incumplimiento de las presentes condiciones.<\/p>\n<p class=\"p1\">La relaci\u00f3n entre el usuario y Mentcos se regir\u00e1 por la normativa espa\u00f1ola vigente y ser\u00e1n competentes para decidir sobre cualquier controversia que pudiera suscitarse entre el usuario y Mentcos, los juzgados o tribunales propios de la localidad de GIRONA.<\/p>\n\t\t\t\t\t\t\t\t<\/div>\n\t\t\t\t<\/div>\n\t\t\t\t\t<\/div>\n\t\t<\/div>\n\t\t\t\t\t<\/div>\n\t\t<\/section>\n\t\t\t\t<section class=\"elementor-section elementor-top-section elementor-element elementor-element-d4f6234 elementor-section-height-min-height elementor-section-boxed elementor-section-height-default elementor-section-items-middle\" data-id=\"d4f6234\" data-element_type=\"section\" data-e-type=\"section\">\n\t\t\t\t\t\t<div class=\"elementor-container elementor-column-gap-default\">\n\t\t\t\t\t<div class=\"elementor-column elementor-col-100 elementor-top-column elementor-element elementor-element-735fa7f\" data-id=\"735fa7f\" data-element_type=\"column\" data-e-type=\"column\">\n\t\t\t<div class=\"elementor-widget-wrap elementor-element-populated\">\n\t\t\t\t\t\t<section class=\"elementor-section elementor-inner-section elementor-element elementor-element-870a2a1 elementor-section-full_width elementor-section-height-default elementor-section-height-default\" data-id=\"870a2a1\" data-element_type=\"section\" data-e-type=\"section\">\n\t\t\t\t\t\t<div class=\"elementor-container elementor-column-gap-no\">\n\t\t\t\t\t<div class=\"elementor-column elementor-col-33 elementor-inner-column elementor-element elementor-element-f366628\" data-id=\"f366628\" data-element_type=\"column\" data-e-type=\"column\">\n\t\t\t<div class=\"elementor-widget-wrap\">\n\t\t\t\t\t\t\t<\/div>\n\t\t<\/div>\n\t\t\t\t<div class=\"elementor-column elementor-col-33 elementor-inner-column elementor-element elementor-element-b36f039\" data-id=\"b36f039\" data-element_type=\"column\" data-e-type=\"column\">\n\t\t\t<div class=\"elementor-widget-wrap elementor-element-populated\">\n\t\t\t\t\t\t<div class=\"elementor-element elementor-element-05cea46 elementor-align-justify elementor-widget elementor-widget-button\" data-id=\"05cea46\" data-element_type=\"widget\" data-e-type=\"widget\" data-widget_type=\"button.default\">\n\t\t\t\t<div class=\"elementor-widget-container\">\n\t\t\t\t\t\t\t\t\t<div class=\"elementor-button-wrapper\">\n\t\t\t\t\t<a class=\"elementor-button elementor-button-link elementor-size-sm\" href=\"https:\/\/mentcos.com\/es\/\">\n\t\t\t\t\t\t<span class=\"elementor-button-content-wrapper\">\n\t\t\t\t\t\t\t\t\t<span class=\"elementor-button-text\">inicio<\/span>\n\t\t\t\t\t<\/span>\n\t\t\t\t\t<\/a>\n\t\t\t\t<\/div>\n\t\t\t\t\t\t\t\t<\/div>\n\t\t\t\t<\/div>\n\t\t\t\t\t<\/div>\n\t\t<\/div>\n\t\t\t\t<div class=\"elementor-column elementor-col-33 elementor-inner-column elementor-element elementor-element-fae7981\" data-id=\"fae7981\" data-element_type=\"column\" data-e-type=\"column\">\n\t\t\t<div class=\"elementor-widget-wrap\">\n\t\t\t\t\t\t\t<\/div>\n\t\t<\/div>\n\t\t\t\t\t<\/div>\n\t\t<\/section>\n\t\t\t\t\t<\/div>\n\t\t<\/div>\n\t\t\t\t\t<\/div>\n\t\t<\/section>\n\t\t\t\t<\/div>\n\t\t","protected":false},"excerpt":{"rendered":"<p>Pol\u00edtica de privacidad PROTECCI\u00d3N DE DATOS De conformidad con lo establecido en la Ley Org\u00e1nica 15\/1999 de Protecci\u00f3n de Datos de Car\u00e1cter Personal, Mentcos informa a los usuarios de su website que los datos personales recogidos por la empresa mediante los formularios facilitados en sus p\u00e1ginas, ser\u00e1n introducidos en un fichero automatizado bajo la responsabilidad [&hellip;]<\/p>\n","protected":false},"author":1,"featured_media":0,"parent":0,"menu_order":0,"comment_status":"closed","ping_status":"closed","template":"elementor_header_footer","meta":{"footnotes":""},"class_list":["post-1265","page","type-page","status-publish","hentry"],"yoast_head":"<!-- This site is optimized with the Yoast SEO plugin v27.1.1 - https:\/\/yoast.com\/product\/yoast-seo-wordpress\/ -->\n<title>Pol\u00edtica de Privacidad - Mentcos<\/title>\n<meta name=\"robots\" content=\"index, follow, max-snippet:-1, max-image-preview:large, max-video-preview:-1\" \/>\n<link rel=\"canonical\" href=\"https:\/\/mentcos.com\/es\/politica-de-privacidad\/\" \/>\n<meta property=\"og:locale\" content=\"es_ES\" \/>\n<meta property=\"og:type\" content=\"article\" \/>\n<meta property=\"og:title\" content=\"Pol\u00edtica de Privacidad - Mentcos\" \/>\n<meta property=\"og:description\" content=\"Pol\u00edtica de privacidad PROTECCI\u00d3N DE DATOS De conformidad con lo establecido en la Ley Org\u00e1nica 15\/1999 de Protecci\u00f3n de Datos de Car\u00e1cter Personal, Mentcos informa a los usuarios de su website que los datos personales recogidos por la empresa mediante los formularios facilitados en sus p\u00e1ginas, ser\u00e1n introducidos en un fichero automatizado bajo la responsabilidad [&hellip;]\" \/>\n<meta property=\"og:url\" content=\"https:\/\/mentcos.com\/es\/politica-de-privacidad\/\" \/>\n<meta property=\"og:site_name\" content=\"Mentcos\" \/>\n<meta property=\"article:publisher\" content=\"https:\/\/es-la.facebook.com\/mentcos\/\" \/>\n<meta property=\"article:modified_time\" content=\"2025-08-19T06:16:44+00:00\" \/>\n<meta name=\"twitter:card\" content=\"summary_large_image\" \/>\n<meta name=\"twitter:label1\" content=\"Tiempo de lectura\" \/>\n\t<meta name=\"twitter:data1\" content=\"2 minutos\" \/>\n<script type=\"application\/ld+json\" class=\"yoast-schema-graph\">{\"@context\":\"https:\/\/schema.org\",\"@graph\":[{\"@type\":\"WebPage\",\"@id\":\"https:\/\/mentcos.com\/es\/politica-de-privacidad\/\",\"url\":\"https:\/\/mentcos.com\/es\/politica-de-privacidad\/\",\"name\":\"Pol\u00edtica de Privacidad - Mentcos\",\"isPartOf\":{\"@id\":\"https:\/\/mentcos.com\/es\/#website\"},\"datePublished\":\"2023-05-25T14:43:11+00:00\",\"dateModified\":\"2025-08-19T06:16:44+00:00\",\"breadcrumb\":{\"@id\":\"https:\/\/mentcos.com\/es\/politica-de-privacidad\/#breadcrumb\"},\"inLanguage\":\"es\",\"potentialAction\":[{\"@type\":\"ReadAction\",\"target\":[\"https:\/\/mentcos.com\/es\/politica-de-privacidad\/\"]}]},{\"@type\":\"BreadcrumbList\",\"@id\":\"https:\/\/mentcos.com\/es\/politica-de-privacidad\/#breadcrumb\",\"itemListElement\":[{\"@type\":\"ListItem\",\"position\":1,\"name\":\"Inici\",\"item\":\"https:\/\/mentcos.com\/es\/\"},{\"@type\":\"ListItem\",\"position\":2,\"name\":\"Pol\u00edtica de Privacidad\"}]},{\"@type\":\"WebSite\",\"@id\":\"https:\/\/mentcos.com\/es\/#website\",\"url\":\"https:\/\/mentcos.com\/es\/\",\"name\":\"Mentcos\",\"description\":\"Entrenament cognitiu\",\"publisher\":{\"@id\":\"https:\/\/mentcos.com\/es\/#organization\"},\"potentialAction\":[{\"@type\":\"SearchAction\",\"target\":{\"@type\":\"EntryPoint\",\"urlTemplate\":\"https:\/\/mentcos.com\/es\/?s={search_term_string}\"},\"query-input\":{\"@type\":\"PropertyValueSpecification\",\"valueRequired\":true,\"valueName\":\"search_term_string\"}}],\"inLanguage\":\"es\"},{\"@type\":\"Organization\",\"@id\":\"https:\/\/mentcos.com\/es\/#organization\",\"name\":\"Mentcos\",\"url\":\"https:\/\/mentcos.com\/es\/\",\"logo\":{\"@type\":\"ImageObject\",\"inLanguage\":\"es\",\"@id\":\"https:\/\/mentcos.com\/es\/#\/schema\/logo\/image\/\",\"url\":\"https:\/\/mentcos.com\/wp-content\/uploads\/2023\/05\/mentcos-logo-black.png\",\"contentUrl\":\"https:\/\/mentcos.com\/wp-content\/uploads\/2023\/05\/mentcos-logo-black.png\",\"width\":721,\"height\":182,\"caption\":\"Mentcos\"},\"image\":{\"@id\":\"https:\/\/mentcos.com\/es\/#\/schema\/logo\/image\/\"},\"sameAs\":[\"https:\/\/es-la.facebook.com\/mentcos\/\",\"https:\/\/www.instagram.com\/mentcos\/?hl=es\"]}]}<\/script>\n<!-- \/ Yoast SEO plugin. -->","yoast_head_json":{"title":"Pol\u00edtica de Privacidad - Mentcos","robots":{"index":"index","follow":"follow","max-snippet":"max-snippet:-1","max-image-preview":"max-image-preview:large","max-video-preview":"max-video-preview:-1"},"canonical":"https:\/\/mentcos.com\/es\/politica-de-privacidad\/","og_locale":"es_ES","og_type":"article","og_title":"Pol\u00edtica de Privacidad - Mentcos","og_description":"Pol\u00edtica de privacidad PROTECCI\u00d3N DE DATOS De conformidad con lo establecido en la Ley Org\u00e1nica 15\/1999 de Protecci\u00f3n de Datos de Car\u00e1cter Personal, Mentcos informa a los usuarios de su website que los datos personales recogidos por la empresa mediante los formularios facilitados en sus p\u00e1ginas, ser\u00e1n introducidos en un fichero automatizado bajo la responsabilidad [&hellip;]","og_url":"https:\/\/mentcos.com\/es\/politica-de-privacidad\/","og_site_name":"Mentcos","article_publisher":"https:\/\/es-la.facebook.com\/mentcos\/","article_modified_time":"2025-08-19T06:16:44+00:00","twitter_card":"summary_large_image","twitter_misc":{"Tiempo de lectura":"2 minutos"},"schema":{"@context":"https:\/\/schema.org","@graph":[{"@type":"WebPage","@id":"https:\/\/mentcos.com\/es\/politica-de-privacidad\/","url":"https:\/\/mentcos.com\/es\/politica-de-privacidad\/","name":"Pol\u00edtica de Privacidad - Mentcos","isPartOf":{"@id":"https:\/\/mentcos.com\/es\/#website"},"datePublished":"2023-05-25T14:43:11+00:00","dateModified":"2025-08-19T06:16:44+00:00","breadcrumb":{"@id":"https:\/\/mentcos.com\/es\/politica-de-privacidad\/#breadcrumb"},"inLanguage":"es","potentialAction":[{"@type":"ReadAction","target":["https:\/\/mentcos.com\/es\/politica-de-privacidad\/"]}]},{"@type":"BreadcrumbList","@id":"https:\/\/mentcos.com\/es\/politica-de-privacidad\/#breadcrumb","itemListElement":[{"@type":"ListItem","position":1,"name":"Inici","item":"https:\/\/mentcos.com\/es\/"},{"@type":"ListItem","position":2,"name":"Pol\u00edtica de Privacidad"}]},{"@type":"WebSite","@id":"https:\/\/mentcos.com\/es\/#website","url":"https:\/\/mentcos.com\/es\/","name":"Mentcos","description":"Entrenament cognitiu","publisher":{"@id":"https:\/\/mentcos.com\/es\/#organization"},"potentialAction":[{"@type":"SearchAction","target":{"@type":"EntryPoint","urlTemplate":"https:\/\/mentcos.com\/es\/?s={search_term_string}"},"query-input":{"@type":"PropertyValueSpecification","valueRequired":true,"valueName":"search_term_string"}}],"inLanguage":"es"},{"@type":"Organization","@id":"https:\/\/mentcos.com\/es\/#organization","name":"Mentcos","url":"https:\/\/mentcos.com\/es\/","logo":{"@type":"ImageObject","inLanguage":"es","@id":"https:\/\/mentcos.com\/es\/#\/schema\/logo\/image\/","url":"https:\/\/mentcos.com\/wp-content\/uploads\/2023\/05\/mentcos-logo-black.png","contentUrl":"https:\/\/mentcos.com\/wp-content\/uploads\/2023\/05\/mentcos-logo-black.png","width":721,"height":182,"caption":"Mentcos"},"image":{"@id":"https:\/\/mentcos.com\/es\/#\/schema\/logo\/image\/"},"sameAs":["https:\/\/es-la.facebook.com\/mentcos\/","https:\/\/www.instagram.com\/mentcos\/?hl=es"]}]}},"_links":{"self":[{"href":"https:\/\/mentcos.com\/es\/wp-json\/wp\/v2\/pages\/1265","targetHints":{"allow":["GET"]}}],"collection":[{"href":"https:\/\/mentcos.com\/es\/wp-json\/wp\/v2\/pages"}],"about":[{"href":"https:\/\/mentcos.com\/es\/wp-json\/wp\/v2\/types\/page"}],"author":[{"embeddable":true,"href":"https:\/\/mentcos.com\/es\/wp-json\/wp\/v2\/users\/1"}],"replies":[{"embeddable":true,"href":"https:\/\/mentcos.com\/es\/wp-json\/wp\/v2\/comments?post=1265"}],"version-history":[{"count":1,"href":"https:\/\/mentcos.com\/es\/wp-json\/wp\/v2\/pages\/1265\/revisions"}],"predecessor-version":[{"id":1266,"href":"https:\/\/mentcos.com\/es\/wp-json\/wp\/v2\/pages\/1265\/revisions\/1266"}],"wp:attachment":[{"href":"https:\/\/mentcos.com\/es\/wp-json\/wp\/v2\/media?parent=1265"}],"curies":[{"name":"wp","href":"https:\/\/api.w.org\/{rel}","templated":true}]}}