{"id":1258,"date":"2023-05-30T12:15:45","date_gmt":"2023-05-30T10:15:45","guid":{"rendered":"https:\/\/mentcos.com\/politica-de-cookies\/"},"modified":"2025-08-19T08:16:10","modified_gmt":"2025-08-19T06:16:10","slug":"politica-de-cookies","status":"publish","type":"page","link":"https:\/\/mentcos.com\/es\/politica-de-cookies\/","title":{"rendered":"Pol\u00edtica de cookies"},"content":{"rendered":"\t\t<div data-elementor-type=\"wp-page\" data-elementor-id=\"1258\" class=\"elementor elementor-1258 elementor-481\" data-elementor-post-type=\"page\">\n\t\t\t\t\t\t<section class=\"elementor-section elementor-top-section elementor-element elementor-element-76f812c2 elementor-section-boxed elementor-section-height-default elementor-section-height-default\" data-id=\"76f812c2\" data-element_type=\"section\" data-e-type=\"section\">\n\t\t\t\t\t\t<div class=\"elementor-container elementor-column-gap-default\">\n\t\t\t\t\t<div class=\"elementor-column elementor-col-100 elementor-top-column elementor-element elementor-element-2b27f39c\" data-id=\"2b27f39c\" data-element_type=\"column\" data-e-type=\"column\">\n\t\t\t<div class=\"elementor-widget-wrap elementor-element-populated\">\n\t\t\t\t\t\t<div class=\"elementor-element elementor-element-55df7444 elementor-widget elementor-widget-spacer\" data-id=\"55df7444\" data-element_type=\"widget\" data-e-type=\"widget\" data-widget_type=\"spacer.default\">\n\t\t\t\t<div class=\"elementor-widget-container\">\n\t\t\t\t\t\t\t<div class=\"elementor-spacer\">\n\t\t\t<div class=\"elementor-spacer-inner\"><\/div>\n\t\t<\/div>\n\t\t\t\t\t\t<\/div>\n\t\t\t\t<\/div>\n\t\t\t\t<div class=\"elementor-element elementor-element-6c33d8f2 elementor-widget elementor-widget-heading\" data-id=\"6c33d8f2\" data-element_type=\"widget\" data-e-type=\"widget\" data-widget_type=\"heading.default\">\n\t\t\t\t<div class=\"elementor-widget-container\">\n\t\t\t\t\t<h2 class=\"elementor-heading-title elementor-size-default\">Pol\u00edtica de cookies<\/h2>\t\t\t\t<\/div>\n\t\t\t\t<\/div>\n\t\t\t\t<div class=\"elementor-element elementor-element-65857aa elementor-widget elementor-widget-spacer\" data-id=\"65857aa\" data-element_type=\"widget\" data-e-type=\"widget\" data-widget_type=\"spacer.default\">\n\t\t\t\t<div class=\"elementor-widget-container\">\n\t\t\t\t\t\t\t<div class=\"elementor-spacer\">\n\t\t\t<div class=\"elementor-spacer-inner\"><\/div>\n\t\t<\/div>\n\t\t\t\t\t\t<\/div>\n\t\t\t\t<\/div>\n\t\t\t\t<div class=\"elementor-element elementor-element-25796600 elementor-widget elementor-widget-text-editor\" data-id=\"25796600\" data-element_type=\"widget\" data-e-type=\"widget\" data-widget_type=\"text-editor.default\">\n\t\t\t\t<div class=\"elementor-widget-container\">\n\t\t\t\t\t\t\t\t\t<p><\/p><p class=\"p1\">Mentcos se reserva el derecho a utilizar cookies en la navegaci\u00f3n del usuario por su website para facilitar la personalizaci\u00f3n y comodidad de la navegaci\u00f3n. Siguiendo la pol\u00edtica de protecci\u00f3n de datos de la empresa, Mentcos informa que las cookies se asocian al usuario an\u00f3nimo ya su ordenador, y no proporcionan por s\u00ed el nombre y apellidos del usuario.<\/p><p class=\"p1\">El usuario tiene la posibilidad de configurar su navegador de forma que se le informe de la recepci\u00f3n de cookies, pudiendo, si as\u00ed lo desea, impedir que sean instaladas en su disco duro. Sin embargo, para el acceso a la website de Mentcos no ser\u00e1 preceptiva la instalaci\u00f3n de cookies.<\/p><p><\/p>\t\t\t\t\t\t\t\t<\/div>\n\t\t\t\t<\/div>\n\t\t\t\t\t<\/div>\n\t\t<\/div>\n\t\t\t\t\t<\/div>\n\t\t<\/section>\n\t\t\t\t<section class=\"elementor-section elementor-top-section elementor-element elementor-element-72837370 elementor-section-height-min-height elementor-section-boxed elementor-section-height-default elementor-section-items-middle\" data-id=\"72837370\" data-element_type=\"section\" data-e-type=\"section\">\n\t\t\t\t\t\t<div class=\"elementor-container elementor-column-gap-default\">\n\t\t\t\t\t<div class=\"elementor-column elementor-col-100 elementor-top-column elementor-element elementor-element-3993dd86\" data-id=\"3993dd86\" data-element_type=\"column\" data-e-type=\"column\">\n\t\t\t<div class=\"elementor-widget-wrap elementor-element-populated\">\n\t\t\t\t\t\t<section class=\"elementor-section elementor-inner-section elementor-element elementor-element-34eb8948 elementor-section-full_width elementor-section-height-default elementor-section-height-default\" data-id=\"34eb8948\" data-element_type=\"section\" data-e-type=\"section\">\n\t\t\t\t\t\t<div class=\"elementor-container elementor-column-gap-no\">\n\t\t\t\t\t<div class=\"elementor-column elementor-col-33 elementor-inner-column elementor-element elementor-element-5af8b326\" data-id=\"5af8b326\" data-element_type=\"column\" data-e-type=\"column\">\n\t\t\t<div class=\"elementor-widget-wrap\">\n\t\t\t\t\t\t\t<\/div>\n\t\t<\/div>\n\t\t\t\t<div class=\"elementor-column elementor-col-33 elementor-inner-column elementor-element elementor-element-10b12d8f\" data-id=\"10b12d8f\" data-element_type=\"column\" data-e-type=\"column\">\n\t\t\t<div class=\"elementor-widget-wrap elementor-element-populated\">\n\t\t\t\t\t\t<div class=\"elementor-element elementor-element-280baf32 elementor-align-justify elementor-widget elementor-widget-button\" data-id=\"280baf32\" data-element_type=\"widget\" data-e-type=\"widget\" data-widget_type=\"button.default\">\n\t\t\t\t<div class=\"elementor-widget-container\">\n\t\t\t\t\t\t\t\t\t<div class=\"elementor-button-wrapper\">\n\t\t\t\t\t<a class=\"elementor-button elementor-button-link elementor-size-sm\" href=\"https:\/\/mentcos.com\/es\/\">\n\t\t\t\t\t\t<span class=\"elementor-button-content-wrapper\">\n\t\t\t\t\t\t\t\t\t<span class=\"elementor-button-text\">inicio<\/span>\n\t\t\t\t\t<\/span>\n\t\t\t\t\t<\/a>\n\t\t\t\t<\/div>\n\t\t\t\t\t\t\t\t<\/div>\n\t\t\t\t<\/div>\n\t\t\t\t\t<\/div>\n\t\t<\/div>\n\t\t\t\t<div class=\"elementor-column elementor-col-33 elementor-inner-column elementor-element elementor-element-2e7969dd\" data-id=\"2e7969dd\" data-element_type=\"column\" data-e-type=\"column\">\n\t\t\t<div class=\"elementor-widget-wrap\">\n\t\t\t\t\t\t\t<\/div>\n\t\t<\/div>\n\t\t\t\t\t<\/div>\n\t\t<\/section>\n\t\t\t\t\t<\/div>\n\t\t<\/div>\n\t\t\t\t\t<\/div>\n\t\t<\/section>\n\t\t\t\t<\/div>\n\t\t","protected":false},"excerpt":{"rendered":"<p>Pol\u00edtica de cookies Mentcos se reserva el derecho a utilizar cookies en la navegaci\u00f3n del usuario por su website para facilitar la personalizaci\u00f3n y comodidad de la navegaci\u00f3n. Siguiendo la pol\u00edtica de protecci\u00f3n de datos de la empresa, Mentcos informa que las cookies se asocian al usuario an\u00f3nimo ya su ordenador, y no proporcionan por [&hellip;]<\/p>\n","protected":false},"author":1,"featured_media":0,"parent":0,"menu_order":0,"comment_status":"closed","ping_status":"closed","template":"elementor_header_footer","meta":{"footnotes":""},"class_list":["post-1258","page","type-page","status-publish","hentry"],"yoast_head":"<!-- This site is optimized with the Yoast SEO plugin v27.1.1 - https:\/\/yoast.com\/product\/yoast-seo-wordpress\/ -->\n<title>Pol\u00edtica de cookies - Mentcos<\/title>\n<meta name=\"robots\" content=\"index, follow, max-snippet:-1, max-image-preview:large, max-video-preview:-1\" \/>\n<link rel=\"canonical\" href=\"https:\/\/mentcos.com\/es\/politica-de-cookies\/\" \/>\n<meta property=\"og:locale\" content=\"es_ES\" \/>\n<meta property=\"og:type\" content=\"article\" \/>\n<meta property=\"og:title\" content=\"Pol\u00edtica de cookies - Mentcos\" \/>\n<meta property=\"og:description\" content=\"Pol\u00edtica de cookies Mentcos se reserva el derecho a utilizar cookies en la navegaci\u00f3n del usuario por su website para facilitar la personalizaci\u00f3n y comodidad de la navegaci\u00f3n. Siguiendo la pol\u00edtica de protecci\u00f3n de datos de la empresa, Mentcos informa que las cookies se asocian al usuario an\u00f3nimo ya su ordenador, y no proporcionan por [&hellip;]\" \/>\n<meta property=\"og:url\" content=\"https:\/\/mentcos.com\/es\/politica-de-cookies\/\" \/>\n<meta property=\"og:site_name\" content=\"Mentcos\" \/>\n<meta property=\"article:publisher\" content=\"https:\/\/es-la.facebook.com\/mentcos\/\" \/>\n<meta property=\"article:modified_time\" content=\"2025-08-19T06:16:10+00:00\" \/>\n<meta name=\"twitter:card\" content=\"summary_large_image\" \/>\n<meta name=\"twitter:label1\" content=\"Tiempo de lectura\" \/>\n\t<meta name=\"twitter:data1\" content=\"1 minuto\" \/>\n<script type=\"application\/ld+json\" class=\"yoast-schema-graph\">{\"@context\":\"https:\/\/schema.org\",\"@graph\":[{\"@type\":\"WebPage\",\"@id\":\"https:\/\/mentcos.com\/es\/politica-de-cookies\/\",\"url\":\"https:\/\/mentcos.com\/es\/politica-de-cookies\/\",\"name\":\"Pol\u00edtica de cookies - Mentcos\",\"isPartOf\":{\"@id\":\"https:\/\/mentcos.com\/es\/#website\"},\"datePublished\":\"2023-05-30T10:15:45+00:00\",\"dateModified\":\"2025-08-19T06:16:10+00:00\",\"breadcrumb\":{\"@id\":\"https:\/\/mentcos.com\/es\/politica-de-cookies\/#breadcrumb\"},\"inLanguage\":\"es\",\"potentialAction\":[{\"@type\":\"ReadAction\",\"target\":[\"https:\/\/mentcos.com\/es\/politica-de-cookies\/\"]}]},{\"@type\":\"BreadcrumbList\",\"@id\":\"https:\/\/mentcos.com\/es\/politica-de-cookies\/#breadcrumb\",\"itemListElement\":[{\"@type\":\"ListItem\",\"position\":1,\"name\":\"Inici\",\"item\":\"https:\/\/mentcos.com\/es\/\"},{\"@type\":\"ListItem\",\"position\":2,\"name\":\"Pol\u00edtica de cookies\"}]},{\"@type\":\"WebSite\",\"@id\":\"https:\/\/mentcos.com\/es\/#website\",\"url\":\"https:\/\/mentcos.com\/es\/\",\"name\":\"Mentcos\",\"description\":\"Entrenament cognitiu\",\"publisher\":{\"@id\":\"https:\/\/mentcos.com\/es\/#organization\"},\"potentialAction\":[{\"@type\":\"SearchAction\",\"target\":{\"@type\":\"EntryPoint\",\"urlTemplate\":\"https:\/\/mentcos.com\/es\/?s={search_term_string}\"},\"query-input\":{\"@type\":\"PropertyValueSpecification\",\"valueRequired\":true,\"valueName\":\"search_term_string\"}}],\"inLanguage\":\"es\"},{\"@type\":\"Organization\",\"@id\":\"https:\/\/mentcos.com\/es\/#organization\",\"name\":\"Mentcos\",\"url\":\"https:\/\/mentcos.com\/es\/\",\"logo\":{\"@type\":\"ImageObject\",\"inLanguage\":\"es\",\"@id\":\"https:\/\/mentcos.com\/es\/#\/schema\/logo\/image\/\",\"url\":\"https:\/\/mentcos.com\/wp-content\/uploads\/2023\/05\/mentcos-logo-black.png\",\"contentUrl\":\"https:\/\/mentcos.com\/wp-content\/uploads\/2023\/05\/mentcos-logo-black.png\",\"width\":721,\"height\":182,\"caption\":\"Mentcos\"},\"image\":{\"@id\":\"https:\/\/mentcos.com\/es\/#\/schema\/logo\/image\/\"},\"sameAs\":[\"https:\/\/es-la.facebook.com\/mentcos\/\",\"https:\/\/www.instagram.com\/mentcos\/?hl=es\"]}]}<\/script>\n<!-- \/ Yoast SEO plugin. -->","yoast_head_json":{"title":"Pol\u00edtica de cookies - Mentcos","robots":{"index":"index","follow":"follow","max-snippet":"max-snippet:-1","max-image-preview":"max-image-preview:large","max-video-preview":"max-video-preview:-1"},"canonical":"https:\/\/mentcos.com\/es\/politica-de-cookies\/","og_locale":"es_ES","og_type":"article","og_title":"Pol\u00edtica de cookies - Mentcos","og_description":"Pol\u00edtica de cookies Mentcos se reserva el derecho a utilizar cookies en la navegaci\u00f3n del usuario por su website para facilitar la personalizaci\u00f3n y comodidad de la navegaci\u00f3n. Siguiendo la pol\u00edtica de protecci\u00f3n de datos de la empresa, Mentcos informa que las cookies se asocian al usuario an\u00f3nimo ya su ordenador, y no proporcionan por [&hellip;]","og_url":"https:\/\/mentcos.com\/es\/politica-de-cookies\/","og_site_name":"Mentcos","article_publisher":"https:\/\/es-la.facebook.com\/mentcos\/","article_modified_time":"2025-08-19T06:16:10+00:00","twitter_card":"summary_large_image","twitter_misc":{"Tiempo de lectura":"1 minuto"},"schema":{"@context":"https:\/\/schema.org","@graph":[{"@type":"WebPage","@id":"https:\/\/mentcos.com\/es\/politica-de-cookies\/","url":"https:\/\/mentcos.com\/es\/politica-de-cookies\/","name":"Pol\u00edtica de cookies - Mentcos","isPartOf":{"@id":"https:\/\/mentcos.com\/es\/#website"},"datePublished":"2023-05-30T10:15:45+00:00","dateModified":"2025-08-19T06:16:10+00:00","breadcrumb":{"@id":"https:\/\/mentcos.com\/es\/politica-de-cookies\/#breadcrumb"},"inLanguage":"es","potentialAction":[{"@type":"ReadAction","target":["https:\/\/mentcos.com\/es\/politica-de-cookies\/"]}]},{"@type":"BreadcrumbList","@id":"https:\/\/mentcos.com\/es\/politica-de-cookies\/#breadcrumb","itemListElement":[{"@type":"ListItem","position":1,"name":"Inici","item":"https:\/\/mentcos.com\/es\/"},{"@type":"ListItem","position":2,"name":"Pol\u00edtica de cookies"}]},{"@type":"WebSite","@id":"https:\/\/mentcos.com\/es\/#website","url":"https:\/\/mentcos.com\/es\/","name":"Mentcos","description":"Entrenament cognitiu","publisher":{"@id":"https:\/\/mentcos.com\/es\/#organization"},"potentialAction":[{"@type":"SearchAction","target":{"@type":"EntryPoint","urlTemplate":"https:\/\/mentcos.com\/es\/?s={search_term_string}"},"query-input":{"@type":"PropertyValueSpecification","valueRequired":true,"valueName":"search_term_string"}}],"inLanguage":"es"},{"@type":"Organization","@id":"https:\/\/mentcos.com\/es\/#organization","name":"Mentcos","url":"https:\/\/mentcos.com\/es\/","logo":{"@type":"ImageObject","inLanguage":"es","@id":"https:\/\/mentcos.com\/es\/#\/schema\/logo\/image\/","url":"https:\/\/mentcos.com\/wp-content\/uploads\/2023\/05\/mentcos-logo-black.png","contentUrl":"https:\/\/mentcos.com\/wp-content\/uploads\/2023\/05\/mentcos-logo-black.png","width":721,"height":182,"caption":"Mentcos"},"image":{"@id":"https:\/\/mentcos.com\/es\/#\/schema\/logo\/image\/"},"sameAs":["https:\/\/es-la.facebook.com\/mentcos\/","https:\/\/www.instagram.com\/mentcos\/?hl=es"]}]}},"_links":{"self":[{"href":"https:\/\/mentcos.com\/es\/wp-json\/wp\/v2\/pages\/1258","targetHints":{"allow":["GET"]}}],"collection":[{"href":"https:\/\/mentcos.com\/es\/wp-json\/wp\/v2\/pages"}],"about":[{"href":"https:\/\/mentcos.com\/es\/wp-json\/wp\/v2\/types\/page"}],"author":[{"embeddable":true,"href":"https:\/\/mentcos.com\/es\/wp-json\/wp\/v2\/users\/1"}],"replies":[{"embeddable":true,"href":"https:\/\/mentcos.com\/es\/wp-json\/wp\/v2\/comments?post=1258"}],"version-history":[{"count":5,"href":"https:\/\/mentcos.com\/es\/wp-json\/wp\/v2\/pages\/1258\/revisions"}],"predecessor-version":[{"id":1264,"href":"https:\/\/mentcos.com\/es\/wp-json\/wp\/v2\/pages\/1258\/revisions\/1264"}],"wp:attachment":[{"href":"https:\/\/mentcos.com\/es\/wp-json\/wp\/v2\/media?parent=1258"}],"curies":[{"name":"wp","href":"https:\/\/api.w.org\/{rel}","templated":true}]}}