{"id":1255,"date":"2023-05-30T12:17:23","date_gmt":"2023-05-30T10:17:23","guid":{"rendered":"https:\/\/mentcos.com\/aviso-legal\/"},"modified":"2025-08-19T08:15:30","modified_gmt":"2025-08-19T06:15:30","slug":"aviso-legal","status":"publish","type":"page","link":"https:\/\/mentcos.com\/es\/aviso-legal\/","title":{"rendered":"Aviso Legal"},"content":{"rendered":"\t\t<div data-elementor-type=\"wp-page\" data-elementor-id=\"1255\" class=\"elementor elementor-1255 elementor-487\" data-elementor-post-type=\"page\">\n\t\t\t\t\t\t<section class=\"elementor-section elementor-top-section elementor-element elementor-element-7aa50907 elementor-section-boxed elementor-section-height-default elementor-section-height-default\" data-id=\"7aa50907\" data-element_type=\"section\" data-e-type=\"section\">\n\t\t\t\t\t\t<div class=\"elementor-container elementor-column-gap-default\">\n\t\t\t\t\t<div class=\"elementor-column elementor-col-100 elementor-top-column elementor-element elementor-element-5f408e27\" data-id=\"5f408e27\" data-element_type=\"column\" data-e-type=\"column\">\n\t\t\t<div class=\"elementor-widget-wrap elementor-element-populated\">\n\t\t\t\t\t\t<div class=\"elementor-element elementor-element-76d96184 elementor-widget elementor-widget-spacer\" data-id=\"76d96184\" data-element_type=\"widget\" data-e-type=\"widget\" data-widget_type=\"spacer.default\">\n\t\t\t\t<div class=\"elementor-widget-container\">\n\t\t\t\t\t\t\t<div class=\"elementor-spacer\">\n\t\t\t<div class=\"elementor-spacer-inner\"><\/div>\n\t\t<\/div>\n\t\t\t\t\t\t<\/div>\n\t\t\t\t<\/div>\n\t\t\t\t<div class=\"elementor-element elementor-element-32f026e5 elementor-widget elementor-widget-heading\" data-id=\"32f026e5\" data-element_type=\"widget\" data-e-type=\"widget\" data-widget_type=\"heading.default\">\n\t\t\t\t<div class=\"elementor-widget-container\">\n\t\t\t\t\t<h2 class=\"elementor-heading-title elementor-size-default\">Aviso legal<\/h2>\t\t\t\t<\/div>\n\t\t\t\t<\/div>\n\t\t\t\t<div class=\"elementor-element elementor-element-48b41bf2 elementor-widget elementor-widget-spacer\" data-id=\"48b41bf2\" data-element_type=\"widget\" data-e-type=\"widget\" data-widget_type=\"spacer.default\">\n\t\t\t\t<div class=\"elementor-widget-container\">\n\t\t\t\t\t\t\t<div class=\"elementor-spacer\">\n\t\t\t<div class=\"elementor-spacer-inner\"><\/div>\n\t\t<\/div>\n\t\t\t\t\t\t<\/div>\n\t\t\t\t<\/div>\n\t\t\t\t<div class=\"elementor-element elementor-element-341097b8 elementor-widget elementor-widget-text-editor\" data-id=\"341097b8\" data-element_type=\"widget\" data-e-type=\"widget\" data-widget_type=\"text-editor.default\">\n\t\t\t\t<div class=\"elementor-widget-container\">\n\t\t\t\t\t\t\t\t\t<p class=\"p1\">CONDICIONES DE USO<\/p>\n<p class=\"p1\">En cumplimiento de la Ley 34\/2002, de 11 de julio, de servicios de la sociedad de la informaci\u00f3n y de comercio electr\u00f3nico, Mentcos le informa de que es titular del website www.Mentcos de acuerdo con la exigencia del art\u00edculo 10 de la citada Ley, Mentcos informa de los siguientes datos: El titular de esta p\u00e1gina web es MENT4S8 social en la CALLE REC, NUM 7, SETCASES 17869, GIRONA, ESPA\u00d1A . La direcci\u00f3n de correo electr\u00f3nico de contacto con la empresa es info@Mentcos <\/p>\n<p class=\"p1\">USUARIO Y R\u00c9GIMEN DE RESPONSABILIDADES<\/p>\n<p class=\"p1\">La navegaci\u00f3n, acceso y uso por las websites de Mentcos confiere la condici\u00f3n de usuario, por la que se aceptan, desde la navegaci\u00f3n por las p\u00e1ginas de Mentcos, todas las condiciones de uso aqu\u00ed establecidas sin perjuicio de la aplicaci\u00f3n de la correspondiente normativa de obligado cumplimiento legal en su caso. Las p\u00e1ginas web de Mentcos proporcionan gran diversidad de informaci\u00f3n, servicios y datos. El usuario asume su responsabilidad en el correcto uso del website. Esta responsabilidad se extender\u00e1 a:   <\/p>\n<p class=\"p1\">La veracidad y licitud de las informaciones aportadas por el usuario en los formularios facilitados por Mentcos para el acceso a determinados contenidos o servicios ofrecidos por la web.<\/p>\n<p class=\"p1\">El uso de la informaci\u00f3n, servicios y datos ofrecidos por Mentcos contrariamente a lo dispuesto por las presentes condiciones, la Ley, la moral, las buenas costumbres o el orden p\u00fablico, o que de cualquier otra forma pueda suponer lesi\u00f3n de los derechos de terceros o del propio funcionamiento del website.<\/p>\n<p class=\"p1\">POL\u00cdTICA DE ENLACES Y EXENCIONES DE RESPONSABILIDAD<\/p>\n<p class=\"p1\">Mentcos no se hace responsable del contenido de las p\u00e1ginas web a las que el usuario pueda acceder a trav\u00e9s de los enlaces establecidos en sus websites y declara que en ning\u00fan caso proceder\u00e1 a examinar o ejercitar ning\u00fan tipo de control sobre el contenido de otras p\u00e1ginas de la red.<\/p>\n<p class=\"p1\">Asimismo, tampoco garantizar\u00e1 la disponibilidad t\u00e9cnica, exactitud, veracidad, validez o legalidad de p\u00e1ginas ajenas a su propiedad a las que se pueda acceder mediante enlaces.<\/p>\n<p class=\"p1\">Mentcos declara haber adoptado todas las medidas necesarias para evitar cualquier da\u00f1o que, a los usuarios de su website, pudieran derivarse de la navegaci\u00f3n por su p\u00e1gina web. En consecuencia, Mentcos no se hace responsable, en ning\u00fan caso, de los eventuales da\u00f1os que por la navegaci\u00f3n por Internet pudiera sufrir el usuario. <\/p>\n<p class=\"p1\">MODIFICACIONES<\/p>\n<p class=\"p1\">Mentcos se reserva el derecho a realizar las modificaciones que considere oportunas, sin previo aviso, en el contenido de su website. Tanto en lo que se refiere a los contenidos de la website, como en las condiciones de uso de las mismas o en las condiciones generales de contrataci\u00f3n. Estas modificaciones podr\u00e1n realizarse, a trav\u00e9s de su website, de cualquier forma admisible en derecho y ser\u00e1n de obligado cumplimiento durante el tiempo en que se encuentren publicadas en la web y hasta que no sean modificadas v\u00e1lidamente por otras posteriores.  <\/p>\n<p><\/p>\t\t\t\t\t\t\t\t<\/div>\n\t\t\t\t<\/div>\n\t\t\t\t\t<\/div>\n\t\t<\/div>\n\t\t\t\t\t<\/div>\n\t\t<\/section>\n\t\t\t\t<section class=\"elementor-section elementor-top-section elementor-element elementor-element-1c80b4ec elementor-section-height-min-height elementor-section-boxed elementor-section-height-default elementor-section-items-middle\" data-id=\"1c80b4ec\" data-element_type=\"section\" data-e-type=\"section\">\n\t\t\t\t\t\t<div class=\"elementor-container elementor-column-gap-default\">\n\t\t\t\t\t<div class=\"elementor-column elementor-col-100 elementor-top-column elementor-element elementor-element-61956af\" data-id=\"61956af\" data-element_type=\"column\" data-e-type=\"column\">\n\t\t\t<div class=\"elementor-widget-wrap elementor-element-populated\">\n\t\t\t\t\t\t<section class=\"elementor-section elementor-inner-section elementor-element elementor-element-6aaf43fb elementor-section-full_width elementor-section-height-default elementor-section-height-default\" data-id=\"6aaf43fb\" data-element_type=\"section\" data-e-type=\"section\">\n\t\t\t\t\t\t<div class=\"elementor-container elementor-column-gap-no\">\n\t\t\t\t\t<div class=\"elementor-column elementor-col-33 elementor-inner-column elementor-element elementor-element-4e8e248\" data-id=\"4e8e248\" data-element_type=\"column\" data-e-type=\"column\">\n\t\t\t<div class=\"elementor-widget-wrap\">\n\t\t\t\t\t\t\t<\/div>\n\t\t<\/div>\n\t\t\t\t<div class=\"elementor-column elementor-col-33 elementor-inner-column elementor-element elementor-element-1ff5ec01\" data-id=\"1ff5ec01\" data-element_type=\"column\" data-e-type=\"column\">\n\t\t\t<div class=\"elementor-widget-wrap elementor-element-populated\">\n\t\t\t\t\t\t<div class=\"elementor-element elementor-element-1b99c883 elementor-align-justify elementor-widget elementor-widget-button\" data-id=\"1b99c883\" data-element_type=\"widget\" data-e-type=\"widget\" data-widget_type=\"button.default\">\n\t\t\t\t<div class=\"elementor-widget-container\">\n\t\t\t\t\t\t\t\t\t<div class=\"elementor-button-wrapper\">\n\t\t\t\t\t<a class=\"elementor-button elementor-button-link elementor-size-sm\" href=\"https:\/\/mentcos.com\/es\/\">\n\t\t\t\t\t\t<span class=\"elementor-button-content-wrapper\">\n\t\t\t\t\t\t\t\t\t<span class=\"elementor-button-text\">inicio<\/span>\n\t\t\t\t\t<\/span>\n\t\t\t\t\t<\/a>\n\t\t\t\t<\/div>\n\t\t\t\t\t\t\t\t<\/div>\n\t\t\t\t<\/div>\n\t\t\t\t\t<\/div>\n\t\t<\/div>\n\t\t\t\t<div class=\"elementor-column elementor-col-33 elementor-inner-column elementor-element elementor-element-4b804afe\" data-id=\"4b804afe\" data-element_type=\"column\" data-e-type=\"column\">\n\t\t\t<div class=\"elementor-widget-wrap\">\n\t\t\t\t\t\t\t<\/div>\n\t\t<\/div>\n\t\t\t\t\t<\/div>\n\t\t<\/section>\n\t\t\t\t\t<\/div>\n\t\t<\/div>\n\t\t\t\t\t<\/div>\n\t\t<\/section>\n\t\t\t\t<\/div>\n\t\t","protected":false},"excerpt":{"rendered":"<p>Aviso legal CONDICIONES DE USO En cumplimiento de la Ley 34\/2002, de 11 de julio, de servicios de la sociedad de la informaci\u00f3n y de comercio electr\u00f3nico, Mentcos le informa de que es titular del website www.Mentcos de acuerdo con la exigencia del art\u00edculo 10 de la citada Ley, Mentcos informa de los siguientes datos: [&hellip;]<\/p>\n","protected":false},"author":1,"featured_media":0,"parent":0,"menu_order":0,"comment_status":"closed","ping_status":"closed","template":"elementor_header_footer","meta":{"footnotes":""},"class_list":["post-1255","page","type-page","status-publish","hentry"],"yoast_head":"<!-- This site is optimized with the Yoast SEO plugin v27.1.1 - https:\/\/yoast.com\/product\/yoast-seo-wordpress\/ -->\n<title>Aviso Legal - Mentcos<\/title>\n<meta name=\"robots\" content=\"index, follow, max-snippet:-1, max-image-preview:large, max-video-preview:-1\" \/>\n<link rel=\"canonical\" href=\"https:\/\/mentcos.com\/es\/aviso-legal\/\" \/>\n<meta property=\"og:locale\" content=\"es_ES\" \/>\n<meta property=\"og:type\" content=\"article\" \/>\n<meta property=\"og:title\" content=\"Aviso Legal - Mentcos\" \/>\n<meta property=\"og:description\" content=\"Aviso legal CONDICIONES DE USO En cumplimiento de la Ley 34\/2002, de 11 de julio, de servicios de la sociedad de la informaci\u00f3n y de comercio electr\u00f3nico, Mentcos le informa de que es titular del website www.Mentcos de acuerdo con la exigencia del art\u00edculo 10 de la citada Ley, Mentcos informa de los siguientes datos: [&hellip;]\" \/>\n<meta property=\"og:url\" content=\"https:\/\/mentcos.com\/es\/aviso-legal\/\" \/>\n<meta property=\"og:site_name\" content=\"Mentcos\" \/>\n<meta property=\"article:publisher\" content=\"https:\/\/es-la.facebook.com\/mentcos\/\" \/>\n<meta property=\"article:modified_time\" content=\"2025-08-19T06:15:30+00:00\" \/>\n<meta name=\"twitter:card\" content=\"summary_large_image\" \/>\n<meta name=\"twitter:label1\" content=\"Tiempo de lectura\" \/>\n\t<meta name=\"twitter:data1\" content=\"3 minutos\" \/>\n<script type=\"application\/ld+json\" class=\"yoast-schema-graph\">{\"@context\":\"https:\/\/schema.org\",\"@graph\":[{\"@type\":\"WebPage\",\"@id\":\"https:\/\/mentcos.com\/es\/aviso-legal\/\",\"url\":\"https:\/\/mentcos.com\/es\/aviso-legal\/\",\"name\":\"Aviso Legal - Mentcos\",\"isPartOf\":{\"@id\":\"https:\/\/mentcos.com\/es\/#website\"},\"datePublished\":\"2023-05-30T10:17:23+00:00\",\"dateModified\":\"2025-08-19T06:15:30+00:00\",\"breadcrumb\":{\"@id\":\"https:\/\/mentcos.com\/es\/aviso-legal\/#breadcrumb\"},\"inLanguage\":\"es\",\"potentialAction\":[{\"@type\":\"ReadAction\",\"target\":[\"https:\/\/mentcos.com\/es\/aviso-legal\/\"]}]},{\"@type\":\"BreadcrumbList\",\"@id\":\"https:\/\/mentcos.com\/es\/aviso-legal\/#breadcrumb\",\"itemListElement\":[{\"@type\":\"ListItem\",\"position\":1,\"name\":\"Inici\",\"item\":\"https:\/\/mentcos.com\/es\/\"},{\"@type\":\"ListItem\",\"position\":2,\"name\":\"Aviso Legal\"}]},{\"@type\":\"WebSite\",\"@id\":\"https:\/\/mentcos.com\/es\/#website\",\"url\":\"https:\/\/mentcos.com\/es\/\",\"name\":\"Mentcos\",\"description\":\"Entrenament cognitiu\",\"publisher\":{\"@id\":\"https:\/\/mentcos.com\/es\/#organization\"},\"potentialAction\":[{\"@type\":\"SearchAction\",\"target\":{\"@type\":\"EntryPoint\",\"urlTemplate\":\"https:\/\/mentcos.com\/es\/?s={search_term_string}\"},\"query-input\":{\"@type\":\"PropertyValueSpecification\",\"valueRequired\":true,\"valueName\":\"search_term_string\"}}],\"inLanguage\":\"es\"},{\"@type\":\"Organization\",\"@id\":\"https:\/\/mentcos.com\/es\/#organization\",\"name\":\"Mentcos\",\"url\":\"https:\/\/mentcos.com\/es\/\",\"logo\":{\"@type\":\"ImageObject\",\"inLanguage\":\"es\",\"@id\":\"https:\/\/mentcos.com\/es\/#\/schema\/logo\/image\/\",\"url\":\"https:\/\/mentcos.com\/wp-content\/uploads\/2023\/05\/mentcos-logo-black.png\",\"contentUrl\":\"https:\/\/mentcos.com\/wp-content\/uploads\/2023\/05\/mentcos-logo-black.png\",\"width\":721,\"height\":182,\"caption\":\"Mentcos\"},\"image\":{\"@id\":\"https:\/\/mentcos.com\/es\/#\/schema\/logo\/image\/\"},\"sameAs\":[\"https:\/\/es-la.facebook.com\/mentcos\/\",\"https:\/\/www.instagram.com\/mentcos\/?hl=es\"]}]}<\/script>\n<!-- \/ Yoast SEO plugin. -->","yoast_head_json":{"title":"Aviso Legal - Mentcos","robots":{"index":"index","follow":"follow","max-snippet":"max-snippet:-1","max-image-preview":"max-image-preview:large","max-video-preview":"max-video-preview:-1"},"canonical":"https:\/\/mentcos.com\/es\/aviso-legal\/","og_locale":"es_ES","og_type":"article","og_title":"Aviso Legal - Mentcos","og_description":"Aviso legal CONDICIONES DE USO En cumplimiento de la Ley 34\/2002, de 11 de julio, de servicios de la sociedad de la informaci\u00f3n y de comercio electr\u00f3nico, Mentcos le informa de que es titular del website www.Mentcos de acuerdo con la exigencia del art\u00edculo 10 de la citada Ley, Mentcos informa de los siguientes datos: [&hellip;]","og_url":"https:\/\/mentcos.com\/es\/aviso-legal\/","og_site_name":"Mentcos","article_publisher":"https:\/\/es-la.facebook.com\/mentcos\/","article_modified_time":"2025-08-19T06:15:30+00:00","twitter_card":"summary_large_image","twitter_misc":{"Tiempo de lectura":"3 minutos"},"schema":{"@context":"https:\/\/schema.org","@graph":[{"@type":"WebPage","@id":"https:\/\/mentcos.com\/es\/aviso-legal\/","url":"https:\/\/mentcos.com\/es\/aviso-legal\/","name":"Aviso Legal - Mentcos","isPartOf":{"@id":"https:\/\/mentcos.com\/es\/#website"},"datePublished":"2023-05-30T10:17:23+00:00","dateModified":"2025-08-19T06:15:30+00:00","breadcrumb":{"@id":"https:\/\/mentcos.com\/es\/aviso-legal\/#breadcrumb"},"inLanguage":"es","potentialAction":[{"@type":"ReadAction","target":["https:\/\/mentcos.com\/es\/aviso-legal\/"]}]},{"@type":"BreadcrumbList","@id":"https:\/\/mentcos.com\/es\/aviso-legal\/#breadcrumb","itemListElement":[{"@type":"ListItem","position":1,"name":"Inici","item":"https:\/\/mentcos.com\/es\/"},{"@type":"ListItem","position":2,"name":"Aviso Legal"}]},{"@type":"WebSite","@id":"https:\/\/mentcos.com\/es\/#website","url":"https:\/\/mentcos.com\/es\/","name":"Mentcos","description":"Entrenament cognitiu","publisher":{"@id":"https:\/\/mentcos.com\/es\/#organization"},"potentialAction":[{"@type":"SearchAction","target":{"@type":"EntryPoint","urlTemplate":"https:\/\/mentcos.com\/es\/?s={search_term_string}"},"query-input":{"@type":"PropertyValueSpecification","valueRequired":true,"valueName":"search_term_string"}}],"inLanguage":"es"},{"@type":"Organization","@id":"https:\/\/mentcos.com\/es\/#organization","name":"Mentcos","url":"https:\/\/mentcos.com\/es\/","logo":{"@type":"ImageObject","inLanguage":"es","@id":"https:\/\/mentcos.com\/es\/#\/schema\/logo\/image\/","url":"https:\/\/mentcos.com\/wp-content\/uploads\/2023\/05\/mentcos-logo-black.png","contentUrl":"https:\/\/mentcos.com\/wp-content\/uploads\/2023\/05\/mentcos-logo-black.png","width":721,"height":182,"caption":"Mentcos"},"image":{"@id":"https:\/\/mentcos.com\/es\/#\/schema\/logo\/image\/"},"sameAs":["https:\/\/es-la.facebook.com\/mentcos\/","https:\/\/www.instagram.com\/mentcos\/?hl=es"]}]}},"_links":{"self":[{"href":"https:\/\/mentcos.com\/es\/wp-json\/wp\/v2\/pages\/1255","targetHints":{"allow":["GET"]}}],"collection":[{"href":"https:\/\/mentcos.com\/es\/wp-json\/wp\/v2\/pages"}],"about":[{"href":"https:\/\/mentcos.com\/es\/wp-json\/wp\/v2\/types\/page"}],"author":[{"embeddable":true,"href":"https:\/\/mentcos.com\/es\/wp-json\/wp\/v2\/users\/1"}],"replies":[{"embeddable":true,"href":"https:\/\/mentcos.com\/es\/wp-json\/wp\/v2\/comments?post=1255"}],"version-history":[{"count":1,"href":"https:\/\/mentcos.com\/es\/wp-json\/wp\/v2\/pages\/1255\/revisions"}],"predecessor-version":[{"id":1256,"href":"https:\/\/mentcos.com\/es\/wp-json\/wp\/v2\/pages\/1255\/revisions\/1256"}],"wp:attachment":[{"href":"https:\/\/mentcos.com\/es\/wp-json\/wp\/v2\/media?parent=1255"}],"curies":[{"name":"wp","href":"https:\/\/api.w.org\/{rel}","templated":true}]}}